{"id":127,"date":"2023-12-31T11:54:06","date_gmt":"2023-12-31T10:54:06","guid":{"rendered":"http:\/\/fotojirin.cz\/?page_id=127"},"modified":"2024-01-02T22:29:17","modified_gmt":"2024-01-02T21:29:17","slug":"za-objektivem","status":"publish","type":"page","link":"https:\/\/fotojirin.cz\/domu\/za-objektivem\/","title":{"rendered":"Za objektivem"},"content":{"rendered":"\t\t<div data-elementor-type=\"wp-page\" data-elementor-id=\"127\" class=\"elementor elementor-127\">\n\t\t\t\t\t\t\t<div class=\"elementor-element elementor-element-fd6122f e-con-full e-flex e-con e-parent\" data-id=\"fd6122f\" data-element_type=\"container\" data-settings=\"{&quot;content_width&quot;:&quot;full&quot;}\" data-core-v316-plus=\"true\">\n\t\t\t\t<div class=\"elementor-element elementor-element-94e2579 elementor-widget elementor-widget-heading\" data-id=\"94e2579\" data-element_type=\"widget\" data-widget_type=\"heading.default\">\n\t\t\t\t<div class=\"elementor-widget-container\">\n\t\t\t<style>\/*! elementor - v3.18.0 - 20-12-2023 *\/\n.elementor-heading-title{padding:0;margin:0;line-height:1}.elementor-widget-heading .elementor-heading-title[class*=elementor-size-]>a{color:inherit;font-size:inherit;line-height:inherit}.elementor-widget-heading .elementor-heading-title.elementor-size-small{font-size:15px}.elementor-widget-heading .elementor-heading-title.elementor-size-medium{font-size:19px}.elementor-widget-heading .elementor-heading-title.elementor-size-large{font-size:29px}.elementor-widget-heading .elementor-heading-title.elementor-size-xl{font-size:39px}.elementor-widget-heading .elementor-heading-title.elementor-size-xxl{font-size:59px}<\/style><h2 class=\"elementor-heading-title elementor-size-default\">Oby\u010dejn\u00fd \u010dlov\u011bk s v\u00e1\u0161n\u00ed pro sv\u011btlo.<\/h2>\t\t<\/div>\n\t\t\t\t<\/div>\n\t\t\t\t<div class=\"elementor-element elementor-element-bd31712 elementor-widget elementor-widget-image-gallery\" data-id=\"bd31712\" data-element_type=\"widget\" data-widget_type=\"image-gallery.default\">\n\t\t\t\t<div class=\"elementor-widget-container\">\n\t\t\t<style>\/*! elementor - v3.18.0 - 20-12-2023 *\/\n.elementor-image-gallery .gallery-item{display:inline-block;text-align:center;vertical-align:top;width:100%;max-width:100%;margin:0 auto}.elementor-image-gallery .gallery-item img{margin:0 auto}.elementor-image-gallery .gallery-item .gallery-caption{margin:0}.elementor-image-gallery figure img{display:block}.elementor-image-gallery figure figcaption{width:100%}.gallery-spacing-custom .elementor-image-gallery .gallery-icon{padding:0}@media (min-width:768px){.elementor-image-gallery .gallery-columns-2 .gallery-item{max-width:50%}.elementor-image-gallery .gallery-columns-3 .gallery-item{max-width:33.33%}.elementor-image-gallery .gallery-columns-4 .gallery-item{max-width:25%}.elementor-image-gallery .gallery-columns-5 .gallery-item{max-width:20%}.elementor-image-gallery .gallery-columns-6 .gallery-item{max-width:16.666%}.elementor-image-gallery .gallery-columns-7 .gallery-item{max-width:14.28%}.elementor-image-gallery .gallery-columns-8 .gallery-item{max-width:12.5%}.elementor-image-gallery .gallery-columns-9 .gallery-item{max-width:11.11%}.elementor-image-gallery .gallery-columns-10 .gallery-item{max-width:10%}}@media (min-width:480px) and (max-width:767px){.elementor-image-gallery .gallery.gallery-columns-2 .gallery-item,.elementor-image-gallery .gallery.gallery-columns-3 .gallery-item,.elementor-image-gallery .gallery.gallery-columns-4 .gallery-item,.elementor-image-gallery .gallery.gallery-columns-5 .gallery-item,.elementor-image-gallery .gallery.gallery-columns-6 .gallery-item,.elementor-image-gallery .gallery.gallery-columns-7 .gallery-item,.elementor-image-gallery .gallery.gallery-columns-8 .gallery-item,.elementor-image-gallery .gallery.gallery-columns-9 .gallery-item,.elementor-image-gallery .gallery.gallery-columns-10 .gallery-item{max-width:50%}}@media (max-width:479px){.elementor-image-gallery .gallery.gallery-columns-2 .gallery-item,.elementor-image-gallery .gallery.gallery-columns-3 .gallery-item,.elementor-image-gallery .gallery.gallery-columns-4 .gallery-item,.elementor-image-gallery .gallery.gallery-columns-5 .gallery-item,.elementor-image-gallery .gallery.gallery-columns-6 .gallery-item,.elementor-image-gallery .gallery.gallery-columns-7 .gallery-item,.elementor-image-gallery .gallery.gallery-columns-8 .gallery-item,.elementor-image-gallery .gallery.gallery-columns-9 .gallery-item,.elementor-image-gallery .gallery.gallery-columns-10 .gallery-item{max-width:100%}}<\/style>\t\t<div class=\"elementor-image-gallery\">\n\t\t\t<div id='gallery-1' class='gallery galleryid-127 gallery-columns-3 gallery-size-full'><figure class='gallery-item'>\n\t\t\t<div class='gallery-icon portrait'>\n\t\t\t\t<a data-elementor-open-lightbox=\"yes\" data-elementor-lightbox-slideshow=\"bd31712\" data-e-action-hash=\"#elementor-action%3Aaction%3Dlightbox%26settings%3DeyJpZCI6MjgxLCJ1cmwiOiJodHRwczpcL1wvZm90b2ppcmluLmN6XC93cC1jb250ZW50XC91cGxvYWRzXC8yMDI0XC8wMVwvTUdfMTI5Ny1zY2FsZWQuanBnIiwic2xpZGVzaG93IjoiYmQzMTcxMiJ9\" href='https:\/\/fotojirin.cz\/wp-content\/uploads\/2024\/01\/MG_1297-scaled.jpg'><img fetchpriority=\"high\" decoding=\"async\" width=\"1707\" height=\"2560\" src=\"https:\/\/fotojirin.cz\/wp-content\/uploads\/2024\/01\/MG_1297-scaled.jpg\" class=\"attachment-full size-full\" alt=\"\" srcset=\"https:\/\/fotojirin.cz\/wp-content\/uploads\/2024\/01\/MG_1297-scaled.jpg 1707w, https:\/\/fotojirin.cz\/wp-content\/uploads\/2024\/01\/MG_1297-200x300.jpg 200w, https:\/\/fotojirin.cz\/wp-content\/uploads\/2024\/01\/MG_1297-683x1024.jpg 683w, https:\/\/fotojirin.cz\/wp-content\/uploads\/2024\/01\/MG_1297-768x1152.jpg 768w, https:\/\/fotojirin.cz\/wp-content\/uploads\/2024\/01\/MG_1297-1024x1536.jpg 1024w, https:\/\/fotojirin.cz\/wp-content\/uploads\/2024\/01\/MG_1297-1365x2048.jpg 1365w\" sizes=\"(max-width: 1707px) 100vw, 1707px\" \/><\/a>\n\t\t\t<\/div><\/figure><figure class='gallery-item'>\n\t\t\t<div class='gallery-icon portrait'>\n\t\t\t\t<a data-elementor-open-lightbox=\"yes\" data-elementor-lightbox-slideshow=\"bd31712\" data-e-action-hash=\"#elementor-action%3Aaction%3Dlightbox%26settings%3DeyJpZCI6MjkxLCJ1cmwiOiJodHRwczpcL1wvZm90b2ppcmluLmN6XC93cC1jb250ZW50XC91cGxvYWRzXC8yMDI0XC8wMVwvSU1HXzIwMjMxMjMwXzE3MDI1MV8wMjMuanBnIiwic2xpZGVzaG93IjoiYmQzMTcxMiJ9\" href='https:\/\/fotojirin.cz\/wp-content\/uploads\/2024\/01\/IMG_20231230_170251_023.jpg'><img decoding=\"async\" width=\"600\" height=\"800\" src=\"https:\/\/fotojirin.cz\/wp-content\/uploads\/2024\/01\/IMG_20231230_170251_023.jpg\" class=\"attachment-full size-full\" alt=\"\" srcset=\"https:\/\/fotojirin.cz\/wp-content\/uploads\/2024\/01\/IMG_20231230_170251_023.jpg 600w, https:\/\/fotojirin.cz\/wp-content\/uploads\/2024\/01\/IMG_20231230_170251_023-225x300.jpg 225w\" sizes=\"(max-width: 600px) 100vw, 600px\" \/><\/a>\n\t\t\t<\/div><\/figure><figure class='gallery-item'>\n\t\t\t<div class='gallery-icon portrait'>\n\t\t\t\t<a data-elementor-open-lightbox=\"yes\" data-elementor-lightbox-slideshow=\"bd31712\" data-e-action-hash=\"#elementor-action%3Aaction%3Dlightbox%26settings%3DeyJpZCI6MjkyLCJ1cmwiOiJodHRwczpcL1wvZm90b2ppcmluLmN6XC93cC1jb250ZW50XC91cGxvYWRzXC8yMDI0XC8wMVwvSU1HXzIwMjMxMjMwXzE3MDMwMF85MzAuanBnIiwic2xpZGVzaG93IjoiYmQzMTcxMiJ9\" href='https:\/\/fotojirin.cz\/wp-content\/uploads\/2024\/01\/IMG_20231230_170300_930.jpg'><img decoding=\"async\" width=\"600\" height=\"800\" src=\"https:\/\/fotojirin.cz\/wp-content\/uploads\/2024\/01\/IMG_20231230_170300_930.jpg\" class=\"attachment-full size-full\" alt=\"\" srcset=\"https:\/\/fotojirin.cz\/wp-content\/uploads\/2024\/01\/IMG_20231230_170300_930.jpg 600w, https:\/\/fotojirin.cz\/wp-content\/uploads\/2024\/01\/IMG_20231230_170300_930-225x300.jpg 225w\" sizes=\"(max-width: 600px) 100vw, 600px\" \/><\/a>\n\t\t\t<\/div><\/figure><figure class='gallery-item'>\n\t\t\t<div class='gallery-icon landscape'>\n\t\t\t\t<a data-elementor-open-lightbox=\"yes\" data-elementor-lightbox-slideshow=\"bd31712\" data-e-action-hash=\"#elementor-action%3Aaction%3Dlightbox%26settings%3DeyJpZCI6MjkwLCJ1cmwiOiJodHRwczpcL1wvZm90b2ppcmluLmN6XC93cC1jb250ZW50XC91cGxvYWRzXC8yMDI0XC8wMVwvSU1HXzIwMjMxMjMwXzE3MDI0NV8yMTMuanBnIiwic2xpZGVzaG93IjoiYmQzMTcxMiJ9\" href='https:\/\/fotojirin.cz\/wp-content\/uploads\/2024\/01\/IMG_20231230_170245_213.jpg'><img loading=\"lazy\" decoding=\"async\" width=\"800\" height=\"600\" src=\"https:\/\/fotojirin.cz\/wp-content\/uploads\/2024\/01\/IMG_20231230_170245_213.jpg\" class=\"attachment-full size-full\" alt=\"\" srcset=\"https:\/\/fotojirin.cz\/wp-content\/uploads\/2024\/01\/IMG_20231230_170245_213.jpg 800w, https:\/\/fotojirin.cz\/wp-content\/uploads\/2024\/01\/IMG_20231230_170245_213-300x225.jpg 300w, https:\/\/fotojirin.cz\/wp-content\/uploads\/2024\/01\/IMG_20231230_170245_213-768x576.jpg 768w\" sizes=\"(max-width: 800px) 100vw, 800px\" \/><\/a>\n\t\t\t<\/div><\/figure><figure class='gallery-item'>\n\t\t\t<div class='gallery-icon landscape'>\n\t\t\t\t<a data-elementor-open-lightbox=\"yes\" data-elementor-lightbox-slideshow=\"bd31712\" data-e-action-hash=\"#elementor-action%3Aaction%3Dlightbox%26settings%3DeyJpZCI6Mjg1LCJ1cmwiOiJodHRwczpcL1wvZm90b2ppcmluLmN6XC93cC1jb250ZW50XC91cGxvYWRzXC8yMDI0XC8wMVwvTUdfMTMwNC1zY2FsZWQuanBnIiwic2xpZGVzaG93IjoiYmQzMTcxMiJ9\" href='https:\/\/fotojirin.cz\/wp-content\/uploads\/2024\/01\/MG_1304-scaled.jpg'><img loading=\"lazy\" decoding=\"async\" width=\"2560\" height=\"1707\" src=\"https:\/\/fotojirin.cz\/wp-content\/uploads\/2024\/01\/MG_1304-scaled.jpg\" class=\"attachment-full size-full\" alt=\"\" srcset=\"https:\/\/fotojirin.cz\/wp-content\/uploads\/2024\/01\/MG_1304-scaled.jpg 2560w, https:\/\/fotojirin.cz\/wp-content\/uploads\/2024\/01\/MG_1304-300x200.jpg 300w, https:\/\/fotojirin.cz\/wp-content\/uploads\/2024\/01\/MG_1304-1024x683.jpg 1024w, https:\/\/fotojirin.cz\/wp-content\/uploads\/2024\/01\/MG_1304-768x512.jpg 768w, https:\/\/fotojirin.cz\/wp-content\/uploads\/2024\/01\/MG_1304-1536x1024.jpg 1536w, https:\/\/fotojirin.cz\/wp-content\/uploads\/2024\/01\/MG_1304-2048x1365.jpg 2048w\" sizes=\"(max-width: 2560px) 100vw, 2560px\" \/><\/a>\n\t\t\t<\/div><\/figure><figure class='gallery-item'>\n\t\t\t<div class='gallery-icon landscape'>\n\t\t\t\t<a data-elementor-open-lightbox=\"yes\" data-elementor-lightbox-slideshow=\"bd31712\" data-e-action-hash=\"#elementor-action%3Aaction%3Dlightbox%26settings%3DeyJpZCI6Mjg5LCJ1cmwiOiJodHRwczpcL1wvZm90b2ppcmluLmN6XC93cC1jb250ZW50XC91cGxvYWRzXC8yMDI0XC8wMVwvSU1HXzIwMjMxMjMwXzE3MDE1OF81ODguanBnIiwic2xpZGVzaG93IjoiYmQzMTcxMiJ9\" href='https:\/\/fotojirin.cz\/wp-content\/uploads\/2024\/01\/IMG_20231230_170158_588.jpg'><img loading=\"lazy\" decoding=\"async\" width=\"800\" height=\"600\" src=\"https:\/\/fotojirin.cz\/wp-content\/uploads\/2024\/01\/IMG_20231230_170158_588.jpg\" class=\"attachment-full size-full\" alt=\"\" srcset=\"https:\/\/fotojirin.cz\/wp-content\/uploads\/2024\/01\/IMG_20231230_170158_588.jpg 800w, https:\/\/fotojirin.cz\/wp-content\/uploads\/2024\/01\/IMG_20231230_170158_588-300x225.jpg 300w, https:\/\/fotojirin.cz\/wp-content\/uploads\/2024\/01\/IMG_20231230_170158_588-768x576.jpg 768w\" sizes=\"(max-width: 800px) 100vw, 800px\" \/><\/a>\n\t\t\t<\/div><\/figure><figure class='gallery-item'>\n\t\t\t<div class='gallery-icon landscape'>\n\t\t\t\t<a data-elementor-open-lightbox=\"yes\" data-elementor-lightbox-slideshow=\"bd31712\" data-e-action-hash=\"#elementor-action%3Aaction%3Dlightbox%26settings%3DeyJpZCI6Mjg4LCJ1cmwiOiJodHRwczpcL1wvZm90b2ppcmluLmN6XC93cC1jb250ZW50XC91cGxvYWRzXC8yMDI0XC8wMVwvSU1HXzIwMjMxMjMwXzE3MDE1MF82NTQuanBnIiwic2xpZGVzaG93IjoiYmQzMTcxMiJ9\" href='https:\/\/fotojirin.cz\/wp-content\/uploads\/2024\/01\/IMG_20231230_170150_654.jpg'><img loading=\"lazy\" decoding=\"async\" width=\"800\" height=\"450\" src=\"https:\/\/fotojirin.cz\/wp-content\/uploads\/2024\/01\/IMG_20231230_170150_654.jpg\" class=\"attachment-full size-full\" alt=\"\" srcset=\"https:\/\/fotojirin.cz\/wp-content\/uploads\/2024\/01\/IMG_20231230_170150_654.jpg 800w, https:\/\/fotojirin.cz\/wp-content\/uploads\/2024\/01\/IMG_20231230_170150_654-300x169.jpg 300w, https:\/\/fotojirin.cz\/wp-content\/uploads\/2024\/01\/IMG_20231230_170150_654-768x432.jpg 768w\" sizes=\"(max-width: 800px) 100vw, 800px\" \/><\/a>\n\t\t\t<\/div><\/figure><figure class='gallery-item'>\n\t\t\t<div class='gallery-icon landscape'>\n\t\t\t\t<a data-elementor-open-lightbox=\"yes\" data-elementor-lightbox-slideshow=\"bd31712\" data-e-action-hash=\"#elementor-action%3Aaction%3Dlightbox%26settings%3DeyJpZCI6Mjg3LCJ1cmwiOiJodHRwczpcL1wvZm90b2ppcmluLmN6XC93cC1jb250ZW50XC91cGxvYWRzXC8yMDI0XC8wMVwvSU1HXzIwMjMxMjMwXzE3MDEwM181MzIuanBnIiwic2xpZGVzaG93IjoiYmQzMTcxMiJ9\" href='https:\/\/fotojirin.cz\/wp-content\/uploads\/2024\/01\/IMG_20231230_170103_532.jpg'><img loading=\"lazy\" decoding=\"async\" width=\"1000\" height=\"750\" src=\"https:\/\/fotojirin.cz\/wp-content\/uploads\/2024\/01\/IMG_20231230_170103_532.jpg\" class=\"attachment-full size-full\" alt=\"\" srcset=\"https:\/\/fotojirin.cz\/wp-content\/uploads\/2024\/01\/IMG_20231230_170103_532.jpg 1000w, https:\/\/fotojirin.cz\/wp-content\/uploads\/2024\/01\/IMG_20231230_170103_532-300x225.jpg 300w, https:\/\/fotojirin.cz\/wp-content\/uploads\/2024\/01\/IMG_20231230_170103_532-768x576.jpg 768w\" sizes=\"(max-width: 1000px) 100vw, 1000px\" \/><\/a>\n\t\t\t<\/div><\/figure><figure class='gallery-item'>\n\t\t\t<div class='gallery-icon portrait'>\n\t\t\t\t<a data-elementor-open-lightbox=\"yes\" data-elementor-lightbox-slideshow=\"bd31712\" data-e-action-hash=\"#elementor-action%3Aaction%3Dlightbox%26settings%3DeyJpZCI6Mjg2LCJ1cmwiOiJodHRwczpcL1wvZm90b2ppcmluLmN6XC93cC1jb250ZW50XC91cGxvYWRzXC8yMDI0XC8wMVwvaW1hZ2UzLXNjYWxlZC5qcGVnIiwic2xpZGVzaG93IjoiYmQzMTcxMiJ9\" href='https:\/\/fotojirin.cz\/wp-content\/uploads\/2024\/01\/image3-scaled.jpeg'><img loading=\"lazy\" decoding=\"async\" width=\"1920\" height=\"2560\" src=\"https:\/\/fotojirin.cz\/wp-content\/uploads\/2024\/01\/image3-scaled.jpeg\" class=\"attachment-full size-full\" alt=\"\" srcset=\"https:\/\/fotojirin.cz\/wp-content\/uploads\/2024\/01\/image3-scaled.jpeg 1920w, https:\/\/fotojirin.cz\/wp-content\/uploads\/2024\/01\/image3-225x300.jpeg 225w, https:\/\/fotojirin.cz\/wp-content\/uploads\/2024\/01\/image3-768x1024.jpeg 768w, https:\/\/fotojirin.cz\/wp-content\/uploads\/2024\/01\/image3-1152x1536.jpeg 1152w, https:\/\/fotojirin.cz\/wp-content\/uploads\/2024\/01\/image3-1536x2048.jpeg 1536w\" sizes=\"(max-width: 1920px) 100vw, 1920px\" \/><\/a>\n\t\t\t<\/div><\/figure>\n\t\t<\/div>\n\t\t<\/div>\n\t\t\t\t<\/div>\n\t\t\t\t<\/div>\n\t\t\t\t<\/div>\n\t\t\t\t\t\t\t<\/div>\n\t\t","protected":false},"excerpt":{"rendered":"<p>Oby\u010dejn\u00fd \u010dlov\u011bk s v\u00e1\u0161n\u00ed pro sv\u011btlo.<\/p>\n","protected":false},"author":1,"featured_media":0,"parent":0,"menu_order":0,"comment_status":"closed","ping_status":"closed","template":"elementor_header_footer","meta":{"footnotes":""},"_links":{"self":[{"href":"https:\/\/fotojirin.cz\/domu\/wp-json\/wp\/v2\/pages\/127"}],"collection":[{"href":"https:\/\/fotojirin.cz\/domu\/wp-json\/wp\/v2\/pages"}],"about":[{"href":"https:\/\/fotojirin.cz\/domu\/wp-json\/wp\/v2\/types\/page"}],"author":[{"embeddable":true,"href":"https:\/\/fotojirin.cz\/domu\/wp-json\/wp\/v2\/users\/1"}],"replies":[{"embeddable":true,"href":"https:\/\/fotojirin.cz\/domu\/wp-json\/wp\/v2\/comments?post=127"}],"version-history":[{"count":10,"href":"https:\/\/fotojirin.cz\/domu\/wp-json\/wp\/v2\/pages\/127\/revisions"}],"predecessor-version":[{"id":297,"href":"https:\/\/fotojirin.cz\/domu\/wp-json\/wp\/v2\/pages\/127\/revisions\/297"}],"wp:attachment":[{"href":"https:\/\/fotojirin.cz\/domu\/wp-json\/wp\/v2\/media?parent=127"}],"curies":[{"name":"wp","href":"https:\/\/api.w.org\/{rel}","templated":true}]}}